{"id":4887,"date":"2022-11-15T19:19:19","date_gmt":"2022-11-15T19:19:19","guid":{"rendered":"https:\/\/jodepoorter.be\/?post_type=product&#038;p=4887"},"modified":"2022-12-19T15:14:24","modified_gmt":"2022-12-19T15:14:24","slug":"wij-elisabeth","status":"publish","type":"product","link":"https:\/\/jodepoorter.be\/en\/boeken\/wij-elisabeth\/","title":{"rendered":"Wij, Elisabeth"},"content":{"rendered":"<p>Wij, Elisabeth is het persoonlijke verhaal van kroonprinses Elisabeth van Belgi\u00eb. Tegelijk is het het relaas van alle heersende koninginnen van vandaag \u00e9n de geschiedenis van de meest onuitwisbare vorstinnen aller tijden. Het is het verhaal van: gruwelijke wedijver, nietsontziende ambitie, bedrieglijke manipulatie, vernederende schandalen, meervoudig overspel en lafhartige moord. En dat is dan nog enkel de bijdrage van de mannen. Wij, Elisabeth is een verkenning van wat vrouwelijk leiderschap in de eenentwintigste eeuw is en kan zijn.<\/p>\n<p>Daarnaast is het de nietsverhullende kroniek van eenentwintig onnavolgbare vorstinnen en \u00e9\u00e9n kroonprinses die klaar is om het te worden.Het is geschreven met \u00e9\u00e9n jonge vrouw in gedachten, maar met het levensverhaal voor ogen van eenentwintig vrouwen die u bij de voornaam kent, waaronder: Diana, Kate, Camilla, Elizabeth, Grace, Charlene, Victoria, Amalia en M\u00e1xima. Wij, Elisabeth is een boek dat het koningschap bekijkt vanuit het standpunt van de vrouw, geschreven door een man die van communicatie, leiderschap en koningszaken zijn expertise heeft gemaakt.<\/p>","protected":false},"excerpt":{"rendered":"<p class=\"page-heading\" data-bltgi=\"qOjCPNaRtxq0voQvqn1LlQ.2_7.8\"><span class=\"sub-title\" data-test=\"subtitle\">Koninginnen van de 21ste eeuw<\/span><\/p>","protected":false},"featured_media":4898,"comment_status":"open","ping_status":"closed","template":"","meta":[],"product_brand":[],"product_cat":[30],"product_tag":[],"class_list":{"0":"post-4887","1":"product","2":"type-product","3":"status-publish","4":"has-post-thumbnail","6":"product_cat-boeken","8":"first","9":"instock","10":"shipping-taxable","11":"purchasable","12":"product-type-simple"},"yoast_head":"<!-- This site is optimized with the Yoast SEO plugin v24.5 - https:\/\/yoast.com\/wordpress\/plugins\/seo\/ -->\n<title>Wij, Elisabeth | Jo De Poorter<\/title>\n<meta name=\"description\" content=\"Wij, Elisabeth is het persoonlijke verhaal van kroonprinses Elisabeth van Belgi\u00eb. Tegelijk is het het relaas van alle heersende koninginnen van vandaag.\" \/>\n<meta name=\"robots\" content=\"index, follow, max-snippet:-1, max-image-preview:large, max-video-preview:-1\" \/>\n<link rel=\"canonical\" href=\"https:\/\/jodepoorter.be\/en\/boeken\/wij-elisabeth\/\" \/>\n<meta property=\"og:locale\" content=\"en_GB\" \/>\n<meta property=\"og:type\" content=\"article\" \/>\n<meta property=\"og:title\" content=\"Wij, Elisabeth | Jo De Poorter\" \/>\n<meta property=\"og:description\" content=\"Wij, Elisabeth is het persoonlijke verhaal van kroonprinses Elisabeth van Belgi\u00eb. Tegelijk is het het relaas van alle heersende koninginnen van vandaag.\" \/>\n<meta property=\"og:url\" content=\"https:\/\/jodepoorter.be\/en\/boeken\/wij-elisabeth\/\" \/>\n<meta property=\"og:site_name\" content=\"Jo De Poorter\" \/>\n<meta property=\"article:modified_time\" content=\"2022-12-19T15:14:24+00:00\" \/>\n<meta property=\"og:image\" content=\"https:\/\/jodepoorter.be\/wp-content\/uploads\/2022\/11\/WijElizabeth.jpg\" \/>\n\t<meta property=\"og:image:width\" content=\"400\" \/>\n\t<meta property=\"og:image:height\" content=\"560\" \/>\n\t<meta property=\"og:image:type\" content=\"image\/jpeg\" \/>\n<meta name=\"twitter:card\" content=\"summary_large_image\" \/>\n<meta name=\"twitter:label1\" content=\"Estimated reading time\" \/>\n\t<meta name=\"twitter:data1\" content=\"1 minute\" \/>\n<script type=\"application\/ld+json\" class=\"yoast-schema-graph\">{\"@context\":\"https:\/\/schema.org\",\"@graph\":[{\"@type\":\"WebPage\",\"@id\":\"https:\/\/jodepoorter.be\/boeken\/wij-elisabeth\/\",\"url\":\"https:\/\/jodepoorter.be\/boeken\/wij-elisabeth\/\",\"name\":\"Wij, Elisabeth | Jo De Poorter\",\"isPartOf\":{\"@id\":\"https:\/\/jodepoorter.be\/#website\"},\"primaryImageOfPage\":{\"@id\":\"https:\/\/jodepoorter.be\/boeken\/wij-elisabeth\/#primaryimage\"},\"image\":{\"@id\":\"https:\/\/jodepoorter.be\/boeken\/wij-elisabeth\/#primaryimage\"},\"thumbnailUrl\":\"https:\/\/jodepoorter.be\/wp-content\/uploads\/2022\/11\/WijElizabeth.jpg\",\"datePublished\":\"2022-11-15T19:19:19+00:00\",\"dateModified\":\"2022-12-19T15:14:24+00:00\",\"description\":\"Wij, Elisabeth is het persoonlijke verhaal van kroonprinses Elisabeth van Belgi\u00eb. Tegelijk is het het relaas van alle heersende koninginnen van vandaag.\",\"breadcrumb\":{\"@id\":\"https:\/\/jodepoorter.be\/boeken\/wij-elisabeth\/#breadcrumb\"},\"inLanguage\":\"en-GB\",\"potentialAction\":[{\"@type\":\"ReadAction\",\"target\":[\"https:\/\/jodepoorter.be\/boeken\/wij-elisabeth\/\"]}]},{\"@type\":\"ImageObject\",\"inLanguage\":\"en-GB\",\"@id\":\"https:\/\/jodepoorter.be\/boeken\/wij-elisabeth\/#primaryimage\",\"url\":\"https:\/\/jodepoorter.be\/wp-content\/uploads\/2022\/11\/WijElizabeth.jpg\",\"contentUrl\":\"https:\/\/jodepoorter.be\/wp-content\/uploads\/2022\/11\/WijElizabeth.jpg\",\"width\":400,\"height\":560,\"caption\":\"WijElizabeth\"},{\"@type\":\"BreadcrumbList\",\"@id\":\"https:\/\/jodepoorter.be\/boeken\/wij-elisabeth\/#breadcrumb\",\"itemListElement\":[{\"@type\":\"ListItem\",\"position\":1,\"name\":\"Jo\",\"item\":\"https:\/\/jodepoorter.be\/\"},{\"@type\":\"ListItem\",\"position\":2,\"name\":\"Winkel\",\"item\":\"https:\/\/jodepoorter.be\/winkel\/\"},{\"@type\":\"ListItem\",\"position\":3,\"name\":\"Wij, Elisabeth\"}]},{\"@type\":\"WebSite\",\"@id\":\"https:\/\/jodepoorter.be\/#website\",\"url\":\"https:\/\/jodepoorter.be\/\",\"name\":\"Jo De Poorter\",\"description\":\"Communicatie strategie en training\",\"publisher\":{\"@id\":\"https:\/\/jodepoorter.be\/#organization\"},\"potentialAction\":[{\"@type\":\"SearchAction\",\"target\":{\"@type\":\"EntryPoint\",\"urlTemplate\":\"https:\/\/jodepoorter.be\/?s={search_term_string}\"},\"query-input\":{\"@type\":\"PropertyValueSpecification\",\"valueRequired\":true,\"valueName\":\"search_term_string\"}}],\"inLanguage\":\"en-GB\"},{\"@type\":\"Organization\",\"@id\":\"https:\/\/jodepoorter.be\/#organization\",\"name\":\"Jo De Poorter\",\"url\":\"https:\/\/jodepoorter.be\/\",\"logo\":{\"@type\":\"ImageObject\",\"inLanguage\":\"en-GB\",\"@id\":\"https:\/\/jodepoorter.be\/#\/schema\/logo\/image\/\",\"url\":\"\",\"contentUrl\":\"\",\"caption\":\"Jo De Poorter\"},\"image\":{\"@id\":\"https:\/\/jodepoorter.be\/#\/schema\/logo\/image\/\"}}]}<\/script>\n<!-- \/ Yoast SEO plugin. -->","yoast_head_json":{"title":"Wij, Elisabeth | Jo De Poorter","description":"Wij, Elisabeth is het persoonlijke verhaal van kroonprinses Elisabeth van Belgi\u00eb. Tegelijk is het het relaas van alle heersende koninginnen van vandaag.","robots":{"index":"index","follow":"follow","max-snippet":"max-snippet:-1","max-image-preview":"max-image-preview:large","max-video-preview":"max-video-preview:-1"},"canonical":"https:\/\/jodepoorter.be\/en\/boeken\/wij-elisabeth\/","og_locale":"en_GB","og_type":"article","og_title":"Wij, Elisabeth | Jo De Poorter","og_description":"Wij, Elisabeth is het persoonlijke verhaal van kroonprinses Elisabeth van Belgi\u00eb. Tegelijk is het het relaas van alle heersende koninginnen van vandaag.","og_url":"https:\/\/jodepoorter.be\/en\/boeken\/wij-elisabeth\/","og_site_name":"Jo De Poorter","article_modified_time":"2022-12-19T15:14:24+00:00","og_image":[{"width":400,"height":560,"url":"https:\/\/jodepoorter.be\/wp-content\/uploads\/2022\/11\/WijElizabeth.jpg","type":"image\/jpeg"}],"twitter_card":"summary_large_image","twitter_misc":{"Estimated reading time":"1 minute"},"schema":{"@context":"https:\/\/schema.org","@graph":[{"@type":"WebPage","@id":"https:\/\/jodepoorter.be\/boeken\/wij-elisabeth\/","url":"https:\/\/jodepoorter.be\/boeken\/wij-elisabeth\/","name":"Wij, Elisabeth | Jo De Poorter","isPartOf":{"@id":"https:\/\/jodepoorter.be\/#website"},"primaryImageOfPage":{"@id":"https:\/\/jodepoorter.be\/boeken\/wij-elisabeth\/#primaryimage"},"image":{"@id":"https:\/\/jodepoorter.be\/boeken\/wij-elisabeth\/#primaryimage"},"thumbnailUrl":"https:\/\/jodepoorter.be\/wp-content\/uploads\/2022\/11\/WijElizabeth.jpg","datePublished":"2022-11-15T19:19:19+00:00","dateModified":"2022-12-19T15:14:24+00:00","description":"Wij, Elisabeth is het persoonlijke verhaal van kroonprinses Elisabeth van Belgi\u00eb. Tegelijk is het het relaas van alle heersende koninginnen van vandaag.","breadcrumb":{"@id":"https:\/\/jodepoorter.be\/boeken\/wij-elisabeth\/#breadcrumb"},"inLanguage":"en-GB","potentialAction":[{"@type":"ReadAction","target":["https:\/\/jodepoorter.be\/boeken\/wij-elisabeth\/"]}]},{"@type":"ImageObject","inLanguage":"en-GB","@id":"https:\/\/jodepoorter.be\/boeken\/wij-elisabeth\/#primaryimage","url":"https:\/\/jodepoorter.be\/wp-content\/uploads\/2022\/11\/WijElizabeth.jpg","contentUrl":"https:\/\/jodepoorter.be\/wp-content\/uploads\/2022\/11\/WijElizabeth.jpg","width":400,"height":560,"caption":"WijElizabeth"},{"@type":"BreadcrumbList","@id":"https:\/\/jodepoorter.be\/boeken\/wij-elisabeth\/#breadcrumb","itemListElement":[{"@type":"ListItem","position":1,"name":"Jo","item":"https:\/\/jodepoorter.be\/"},{"@type":"ListItem","position":2,"name":"Winkel","item":"https:\/\/jodepoorter.be\/winkel\/"},{"@type":"ListItem","position":3,"name":"Wij, Elisabeth"}]},{"@type":"WebSite","@id":"https:\/\/jodepoorter.be\/#website","url":"https:\/\/jodepoorter.be\/","name":"Jo De Poorter","description":"Communicatie strategie en training","publisher":{"@id":"https:\/\/jodepoorter.be\/#organization"},"potentialAction":[{"@type":"SearchAction","target":{"@type":"EntryPoint","urlTemplate":"https:\/\/jodepoorter.be\/?s={search_term_string}"},"query-input":{"@type":"PropertyValueSpecification","valueRequired":true,"valueName":"search_term_string"}}],"inLanguage":"en-GB"},{"@type":"Organization","@id":"https:\/\/jodepoorter.be\/#organization","name":"Jo De Poorter","url":"https:\/\/jodepoorter.be\/","logo":{"@type":"ImageObject","inLanguage":"en-GB","@id":"https:\/\/jodepoorter.be\/#\/schema\/logo\/image\/","url":"","contentUrl":"","caption":"Jo De Poorter"},"image":{"@id":"https:\/\/jodepoorter.be\/#\/schema\/logo\/image\/"}}]}},"_links":{"self":[{"href":"https:\/\/jodepoorter.be\/en\/wp-json\/wp\/v2\/product\/4887","targetHints":{"allow":["GET"]}}],"collection":[{"href":"https:\/\/jodepoorter.be\/en\/wp-json\/wp\/v2\/product"}],"about":[{"href":"https:\/\/jodepoorter.be\/en\/wp-json\/wp\/v2\/types\/product"}],"replies":[{"embeddable":true,"href":"https:\/\/jodepoorter.be\/en\/wp-json\/wp\/v2\/comments?post=4887"}],"wp:featuredmedia":[{"embeddable":true,"href":"https:\/\/jodepoorter.be\/en\/wp-json\/wp\/v2\/media\/4898"}],"wp:attachment":[{"href":"https:\/\/jodepoorter.be\/en\/wp-json\/wp\/v2\/media?parent=4887"}],"wp:term":[{"taxonomy":"product_brand","embeddable":true,"href":"https:\/\/jodepoorter.be\/en\/wp-json\/wp\/v2\/product_brand?post=4887"},{"taxonomy":"product_cat","embeddable":true,"href":"https:\/\/jodepoorter.be\/en\/wp-json\/wp\/v2\/product_cat?post=4887"},{"taxonomy":"product_tag","embeddable":true,"href":"https:\/\/jodepoorter.be\/en\/wp-json\/wp\/v2\/product_tag?post=4887"}],"curies":[{"name":"wp","href":"https:\/\/api.w.org\/{rel}","templated":true}]}}